{"id":283,"date":"2025-10-28T13:15:32","date_gmt":"2025-10-28T12:15:32","guid":{"rendered":"https:\/\/udalhez.eus\/colaboraciones\/"},"modified":"2026-03-05T13:43:32","modified_gmt":"2026-03-05T12:43:32","slug":"colaboradores","status":"publish","type":"page","link":"https:\/\/udalhez.eus\/es\/colaboradores\/","title":{"rendered":"Colaboradores"},"content":{"rendered":"<section class=\"l-section wpb_row height_medium\"><div class=\"l-section-h i-cf\"><div class=\"g-cols vc_row via_grid cols_1 laptops-cols_inherit tablets-cols_inherit mobiles-cols_1 valign_top type_default stacking_default\"><div class=\"wpb_column vc_column_container\"><div class=\"vc_column-inner\"><div class=\"wpb_text_column\"><div class=\"wpb_wrapper\"><p><i>El proyecto UdalHez se enriquece gracias a la colaboraci\u00f3n de diferentes agentes e instituciones. En este apartado se recoger\u00e1n las instituciones que contribuyen a la consolidaci\u00f3n y desarrollo del proyecto, aportando aportaciones econ\u00f3micas, asistencia t\u00e9cnica, metodol\u00f3gica o acad\u00e9mica.<br \/>\nSu implicaci\u00f3n es clave en el devenir del proyecto UdalHez. <\/i><\/p>\n<\/div><\/div><div class=\"w-separator size_medium\"><\/div><div class=\"g-cols wpb_row via_grid cols_4 laptops-cols_inherit tablets-cols_inherit mobiles-cols_1 valign_top type_default stacking_default\" style=\"--columns-gap:3rem;\"><div class=\"wpb_column vc_column_container\"><div class=\"vc_column-inner\"><div class=\"w-image align_none\"><a target=\"_blank\" href=\"https:\/\/ikasgaraia.eus\/\" aria-label=\"ikasgaraia\" class=\"w-image-h\"><img decoding=\"async\" width=\"1429\" height=\"301\" src=\"https:\/\/udalhez.eus\/wp-content\/uploads\/2026\/01\/ikasgaraia.png\" class=\"attachment-full size-full\" alt=\"\" loading=\"lazy\" srcset=\"https:\/\/udalhez.eus\/wp-content\/uploads\/2026\/01\/ikasgaraia.png 1429w, https:\/\/udalhez.eus\/wp-content\/uploads\/2026\/01\/ikasgaraia-300x63.png 300w, https:\/\/udalhez.eus\/wp-content\/uploads\/2026\/01\/ikasgaraia-1024x216.png 1024w\" sizes=\"auto, (max-width: 1429px) 100vw, 1429px\" \/><\/a><\/div><\/div><\/div><div class=\"wpb_column vc_column_container\"><div class=\"vc_column-inner\"><div class=\"w-image align_none\"><div class=\"w-image-h\"><img decoding=\"async\" width=\"1181\" height=\"627\" src=\"https:\/\/udalhez.eus\/wp-content\/uploads\/2026\/01\/upna.jpg\" class=\"attachment-full size-full\" alt=\"\" loading=\"lazy\" srcset=\"https:\/\/udalhez.eus\/wp-content\/uploads\/2026\/01\/upna.jpg 1181w, https:\/\/udalhez.eus\/wp-content\/uploads\/2026\/01\/upna-300x159.jpg 300w, https:\/\/udalhez.eus\/wp-content\/uploads\/2026\/01\/upna-1024x544.jpg 1024w\" sizes=\"auto, (max-width: 1181px) 100vw, 1181px\" \/><\/div><\/div><\/div><\/div><div class=\"wpb_column vc_column_container\"><div class=\"vc_column-inner\"><div class=\"w-image align_none\"><a href=\"https:\/\/www.ehu.eus\/es\/web\/europagune\/home\" aria-label=\"europagune (7)\" class=\"w-image-h\"><img decoding=\"async\" width=\"450\" height=\"145\" src=\"https:\/\/udalhez.eus\/wp-content\/uploads\/2026\/03\/europagune-7-1.jpg\" class=\"attachment-large size-large\" alt=\"\" loading=\"lazy\" srcset=\"https:\/\/udalhez.eus\/wp-content\/uploads\/2026\/03\/europagune-7-1.jpg 450w, https:\/\/udalhez.eus\/wp-content\/uploads\/2026\/03\/europagune-7-1-300x97.jpg 300w\" sizes=\"auto, (max-width: 450px) 100vw, 450px\" \/><\/a><\/div><\/div><\/div><div class=\"wpb_column vc_column_container\"><div class=\"vc_column-inner\"><\/div><\/div><\/div><\/div><\/div><\/div><\/div><\/section>\n","protected":false},"excerpt":{"rendered":"El proyecto UdalHez se enriquece gracias a la colaboraci\u00f3n de diferentes agentes e instituciones. En este apartado se recoger\u00e1n las instituciones que contribuyen a la consolidaci\u00f3n y desarrollo del proyecto, aportando aportaciones econ\u00f3micas, asistencia t\u00e9cnica, metodol\u00f3gica o acad\u00e9mica. Su implicaci\u00f3n es clave en el devenir del proyecto UdalHez.","protected":false},"author":1,"featured_media":0,"parent":0,"menu_order":0,"comment_status":"closed","ping_status":"closed","template":"","meta":{"_acf_changed":false,"om_disable_all_campaigns":false,"_monsterinsights_skip_tracking":false,"_monsterinsights_sitenote_active":false,"_monsterinsights_sitenote_note":"","_monsterinsights_sitenote_category":0,"footnotes":""},"class_list":["post-283","page","type-page","status-publish","hentry"],"acf":[],"aioseo_notices":[],"_links":{"self":[{"href":"https:\/\/udalhez.eus\/es\/wp-json\/wp\/v2\/pages\/283","targetHints":{"allow":["GET"]}}],"collection":[{"href":"https:\/\/udalhez.eus\/es\/wp-json\/wp\/v2\/pages"}],"about":[{"href":"https:\/\/udalhez.eus\/es\/wp-json\/wp\/v2\/types\/page"}],"author":[{"embeddable":true,"href":"https:\/\/udalhez.eus\/es\/wp-json\/wp\/v2\/users\/1"}],"replies":[{"embeddable":true,"href":"https:\/\/udalhez.eus\/es\/wp-json\/wp\/v2\/comments?post=283"}],"version-history":[{"count":20,"href":"https:\/\/udalhez.eus\/es\/wp-json\/wp\/v2\/pages\/283\/revisions"}],"predecessor-version":[{"id":819,"href":"https:\/\/udalhez.eus\/es\/wp-json\/wp\/v2\/pages\/283\/revisions\/819"}],"wp:attachment":[{"href":"https:\/\/udalhez.eus\/es\/wp-json\/wp\/v2\/media?parent=283"}],"curies":[{"name":"wp","href":"https:\/\/api.w.org\/{rel}","templated":true}]}}