{"id":259,"date":"2025-10-28T12:18:58","date_gmt":"2025-10-28T11:18:58","guid":{"rendered":"https:\/\/udalhez.eus\/udalhez\/metodologia\/"},"modified":"2025-11-14T13:29:19","modified_gmt":"2025-11-14T12:29:19","slug":"metodologia","status":"publish","type":"page","link":"https:\/\/udalhez.eus\/es\/metodologia\/","title":{"rendered":"Metodolog\u00eda"},"content":{"rendered":"<section class=\"l-section wpb_row height_medium\"><div class=\"l-section-h i-cf\"><div class=\"g-cols vc_row via_grid cols_1 laptops-cols_inherit tablets-cols_inherit mobiles-cols_1 valign_top type_default stacking_default\"><div class=\"wpb_column vc_column_container\"><div class=\"vc_column-inner\"><h2 class=\"w-text us_custom_8699df19\"><span class=\"w-text-h\"><span class=\"w-text-value\">UdalHez: Elkarrekin Hezi<\/span><\/span><\/h2><div class=\"w-separator size_small\"><\/div><h3 class=\"w-text us_custom_cf2343f6\"><span class=\"w-text-h\"><span class=\"w-text-value\">Objetivo<\/span><\/span><\/h3><div class=\"w-separator size_small\"><\/div><div class=\"wpb_text_column\"><div class=\"wpb_wrapper\"><p><span>El proyecto <\/span>UdalHez tiene como objetivo promover pol\u00edticas educativas comunitarias municipales integrales, inclusivas y participativas en favor de la infancia y la adolescencia, a trav\u00e9s de la creaci\u00f3n de Consejos Educativos Municipales.<\/p>\n<p>El proyecto sit\u00faa en el centro el bienestar, la inclusi\u00f3n, el euskera y la participaci\u00f3n activa de ni\u00f1os, ni\u00f1as y adolescentes, reuniendo en torno a un proyecto educativo com\u00fan a centros escolares, familias, agentes educativos y sociales, y representantes municipales, con el fin de fomentar la cohesi\u00f3n comunitaria y construir ecosistemas educativos que trasciendan los l\u00edmites de las escuelas.<\/p>\n<\/div><\/div><div class=\"w-separator size_small\"><\/div><h3 class=\"w-text us_custom_cf2343f6\"><span class=\"w-text-h\"><span class=\"w-text-value\">Metodologia<\/span><\/span><\/h3><div class=\"w-separator size_small\"><\/div><div class=\"wpb_text_column\"><div class=\"wpb_wrapper\"><p><span>UdalHez<\/span> utiliza una metodolog\u00eda participativa que combina investigaci\u00f3n y acci\u00f3n, con atenci\u00f3n a las dimensiones jur\u00eddica, pedag\u00f3gica y comunitaria. El proceso se estructura en varios ejes, que contin\u00faan desarroll\u00e1ndose:<\/p>\n<h3><strong>1. <\/strong><strong>An\u00e1lisis jur\u00eddico<\/strong><\/h3>\n<p><span>Se estudia el marco legal y las competencias municipales para el desarrollo de pol\u00edticas educativas locales, bas\u00e1ndose en la <\/span>Ley de Educaci\u00f3n de 2023 y la Ley de Infancia y Adolescencia de 2024. El objetivo es crear Consejos Educativos Municipales con garant\u00edas jur\u00eddicas y avanzar hacia pol\u00edticas educativas municipales s\u00f3lidas.<\/p>\n<h3><strong>2. <\/strong><strong>An\u00e1lisis de experiencias internacionales y locales<\/strong><\/h3>\n<p><span>Se analizan experiencias innovadoras de otros pa\u00edses y municipios que sirven como referencia e inspiraci\u00f3n. Este trabajo ha permitido <\/span>enriquecer la metodolog\u00eda del proyecto UdalHez y adaptar buenas pr\u00e1cticas a los contextos locales.<\/p>\n<\/div><\/div><div class=\"w-separator size_medium\"><\/div><div class=\"g-cols wpb_row via_grid cols_2 laptops-cols_inherit tablets-cols_inherit mobiles-cols_1 valign_middle type_default stacking_default\" style=\"--columns-gap:3rem;\"><div class=\"wpb_column vc_column_container\"><div class=\"vc_column-inner\"><div class=\"wpb_text_column\"><div class=\"wpb_wrapper\"><h3><strong>3. Diagn\u00f3stico comunitario<\/strong><strong>\u00a0<\/strong><\/h3>\n<p><span>Se analizan los <\/span>recursos y programas educativos de los municipios participantes mediante metodolog\u00edas cuantitativas y cualitativas. El diagn\u00f3stico descriptivo permite identificar fortalezas y retos en relaci\u00f3n con el bienestar, la inclusi\u00f3n y la participaci\u00f3n infantil y juvenil. Este informe sirve como punto de partida para la segunda sesi\u00f3n del proceso participativo desarrollado por los grupos motores.<\/p>\n<\/div><\/div><\/div><\/div><div class=\"wpb_column vc_column_container\"><div class=\"vc_column-inner\"><div class=\"w-image align_center\"><div class=\"w-image-h\"><img decoding=\"async\" width=\"582\" height=\"425\" src=\"https:\/\/udalhez.eus\/wp-content\/uploads\/2025\/11\/Grupo-247-1.png\" class=\"attachment-full size-full\" alt=\"\" loading=\"lazy\" srcset=\"https:\/\/udalhez.eus\/wp-content\/uploads\/2025\/11\/Grupo-247-1.png 582w, https:\/\/udalhez.eus\/wp-content\/uploads\/2025\/11\/Grupo-247-1-300x219.png 300w\" sizes=\"auto, (max-width: 582px) 100vw, 582px\" \/><\/div><\/div><\/div><\/div><\/div><div class=\"w-separator size_medium\"><\/div><div class=\"g-cols wpb_row via_grid cols_2 laptops-cols_inherit tablets-cols_inherit mobiles-cols_1 valign_middle type_default stacking_default\" style=\"--columns-gap:3rem;\"><div class=\"wpb_column vc_column_container\"><div class=\"vc_column-inner\"><div class=\"w-image align_center\"><div class=\"w-image-h\"><img decoding=\"async\" width=\"586\" height=\"425\" src=\"https:\/\/udalhez.eus\/wp-content\/uploads\/2025\/11\/Grupo-251-1.png\" class=\"attachment-full size-full\" alt=\"\" loading=\"lazy\" srcset=\"https:\/\/udalhez.eus\/wp-content\/uploads\/2025\/11\/Grupo-251-1.png 586w, https:\/\/udalhez.eus\/wp-content\/uploads\/2025\/11\/Grupo-251-1-300x218.png 300w\" sizes=\"auto, (max-width: 586px) 100vw, 586px\" \/><\/div><\/div><\/div><\/div><div class=\"wpb_column vc_column_container\"><div class=\"vc_column-inner\"><div class=\"wpb_text_column\"><div class=\"wpb_wrapper\"><h3><strong>4. Participaci\u00f3n comunitaria<\/strong><\/h3>\n<p>En cada municipio se conforman grupos motores integrados por representantes municipales, equipos directivos de centros escolares, familias y agentes locales. Estos grupos, guiados por el equipo investigador de la UPV\/EHU, trabajan de forma colaborativa en la definici\u00f3n y consenso de las bases del Proyecto Educativo Comunitario.<\/p>\n<\/div><\/div><\/div><\/div><\/div><div class=\"w-separator size_medium\"><\/div><div class=\"wpb_text_column\"><div class=\"wpb_wrapper\"><h3><strong>5. Sistematizaci\u00f3n y transferibilidad<\/strong><\/h3>\n<p>Las experiencias y aprendizajes obtenidos se sistematizan y comparten a trav\u00e9s de publicaciones y encuentros acad\u00e9micos. Est\u00e1 prevista la elaboraci\u00f3n de una gu\u00eda metodol\u00f3gica y la celebraci\u00f3n de un congreso que facilite el camino a otros municipios interesados en crear su propio Consejo Educativo Municipal.<\/p>\n<p>En definitiva, UdalHez es un proyecto amplio e innovador que, partiendo de la realidad de cada municipio y de la experiencia compartida, contribuye a construir ecosistemas educativos m\u00e1s inclusivos y participativos.<\/p>\n<\/div><\/div><\/div><\/div><\/div><\/div><\/section>\n","protected":false},"excerpt":{"rendered":"UdalHez: Elkarrekin HeziObjetivoEl proyecto UdalHez tiene como objetivo promover pol\u00edticas educativas comunitarias municipales integrales, inclusivas y participativas en favor de la infancia y la adolescencia, a trav\u00e9s de la creaci\u00f3n de Consejos Educativos Municipales. El proyecto sit\u00faa en el centro el bienestar, la inclusi\u00f3n, el euskera y la participaci\u00f3n activa de ni\u00f1os, ni\u00f1as y adolescentes,...","protected":false},"author":1,"featured_media":0,"parent":0,"menu_order":0,"comment_status":"closed","ping_status":"closed","template":"","meta":{"_acf_changed":false,"om_disable_all_campaigns":false,"_monsterinsights_skip_tracking":false,"_monsterinsights_sitenote_active":false,"_monsterinsights_sitenote_note":"","_monsterinsights_sitenote_category":0,"footnotes":""},"class_list":["post-259","page","type-page","status-publish","hentry"],"acf":[],"aioseo_notices":[],"_links":{"self":[{"href":"https:\/\/udalhez.eus\/es\/wp-json\/wp\/v2\/pages\/259","targetHints":{"allow":["GET"]}}],"collection":[{"href":"https:\/\/udalhez.eus\/es\/wp-json\/wp\/v2\/pages"}],"about":[{"href":"https:\/\/udalhez.eus\/es\/wp-json\/wp\/v2\/types\/page"}],"author":[{"embeddable":true,"href":"https:\/\/udalhez.eus\/es\/wp-json\/wp\/v2\/users\/1"}],"replies":[{"embeddable":true,"href":"https:\/\/udalhez.eus\/es\/wp-json\/wp\/v2\/comments?post=259"}],"version-history":[{"count":5,"href":"https:\/\/udalhez.eus\/es\/wp-json\/wp\/v2\/pages\/259\/revisions"}],"predecessor-version":[{"id":449,"href":"https:\/\/udalhez.eus\/es\/wp-json\/wp\/v2\/pages\/259\/revisions\/449"}],"wp:attachment":[{"href":"https:\/\/udalhez.eus\/es\/wp-json\/wp\/v2\/media?parent=259"}],"curies":[{"name":"wp","href":"https:\/\/api.w.org\/{rel}","templated":true}]}}