{"id":257,"date":"2025-10-28T13:13:00","date_gmt":"2025-10-28T12:13:00","guid":{"rendered":"https:\/\/udalhez.eus\/noticias\/"},"modified":"2026-01-20T10:54:37","modified_gmt":"2026-01-20T09:54:37","slug":"noticias","status":"publish","type":"page","link":"https:\/\/udalhez.eus\/es\/noticias\/","title":{"rendered":"Noticias"},"content":{"rendered":"<section class=\"l-section wpb_row height_medium\"><div class=\"l-section-h i-cf\"><div class=\"g-cols vc_row via_grid cols_1 laptops-cols_inherit tablets-cols_inherit mobiles-cols_1 valign_top type_default stacking_default\"><div class=\"wpb_column vc_column_container\"><div class=\"vc_column-inner\"><div class=\"w-grid us_post_list type_grid layout_102 cols_3 pagination_numbered overflow_hidden preload_style_spinner\" id=\"us_post_list_f0e8\" style=\"--columns:3;--gap:1.5rem;\"><style>@media (max-width:1024px){#us_post_list_f0e8{--columns:2!important}}@media (max-width:600px){#us_post_list_f0e8{--columns:1!important}}.layout_102 .w-grid-item-h{background:#10375A;color:#ffffff;border-radius:1.3rem;box-shadow:0 0rem 0rem rgba(0,0,0,0.1),0 0rem 0rem rgba(0,0,0,0.1);transition-duration:0.3s}.no-touch .layout_102 .w-grid-item-h:hover{box-shadow:0 0.3rem 0.6rem rgba(0,0,0,0.1),0 1rem 3rem rgba(0,0,0,0.15);z-index:4}.layout_102 .usg_post_image_1{margin-bottom:-2rem!important}.layout_102 .usg_post_title_1{color:#ffffff!important;font-size:1.4rem!important;font-weight:700!important}.layout_102 .usg_vwrapper_1{margin-top:2rem!important;padding:9% 11% 11% 11%!important}.layout_102 .usg_hwrapper_1{color:var(--color-content-faded)!important;font-size:0.9rem!important}.layout_102 .usg_post_date_1{color:#0D78BE!important}@media (max-width:600px){.layout_102 .usg_post_title_1{font-size:1.2rem!important}}<\/style><div class=\"w-grid-list\">\t<article class=\"w-grid-item size_1x1 post-895 post type-post status-publish format-standard has-post-thumbnail hentry category-sin-categoria\" data-id=\"895\">\r\n\t\t<div class=\"w-grid-item-h\">\r\n\t\t\t\t\t\t\t<a href=\"https:\/\/udalhez.eus\/es\/udalhez-celebra-un-seminario-sobre-prevencion-comunitaria-de-infancia-y-adolescencia\/\" class=\"w-grid-item-anchor\" aria-label=\"UdalHez celebra un seminario sobre prevenci\u00f3n comunitaria de infancia y adolescencia\"><\/a>\r\n\t\t\t\t\t\t<div class=\"w-post-elm post_image usg_post_image_1 has_ratio\"><img loading=\"lazy\" decoding=\"async\" width=\"1024\" height=\"768\" src=\"https:\/\/udalhez.eus\/wp-content\/uploads\/2026\/03\/IMG_7521-1024x768.jpg\" class=\"attachment-large size-large wp-post-image\" alt=\"\" \/><div style=\"padding-bottom:75%\"><\/div><\/div><div class=\"w-vwrapper usg_vwrapper_1 align_none valign_top\"><div class=\"w-hwrapper usg_hwrapper_1 has_text_color align_none valign_top wrap\"><time class=\"w-post-elm post_date usg_post_date_1 has_text_color entry-date published\" datetime=\"2026-03-26T10:19:03+01:00\" title=\"26 marzo 2026 a las 10:19:03 +01:00\">hace 3 semanas<\/time><\/div><h2 class=\"w-post-elm post_title usg_post_title_1 has_text_color entry-title color_link_inherit\">UdalHez celebra un seminario sobre prevenci\u00f3n comunitaria de infancia y adolescencia<\/h2><div class=\"w-post-elm post_content usg_post_content_1\">El grupo de trabajo de UdalHez ha celebrado un seminario formativo de la mano de Alberto Jauregui, profesor de la&hellip;<\/div><\/div>\t\t<\/div>\r\n\t\t\t<\/article>\r\n\t<article class=\"w-grid-item size_1x1 post-829 post type-post status-publish format-standard has-post-thumbnail hentry category-albisteak\" data-id=\"829\">\r\n\t\t<div class=\"w-grid-item-h\">\r\n\t\t\t\t\t\t\t<a href=\"https:\/\/udalhez.eus\/es\/leioa-avanza-en-la-creacion-del-consejo-educativo-municipal-mediante-una-sesion-participativa\/\" class=\"w-grid-item-anchor\" aria-label=\"Leioa avanza en la creaci\u00f3n del Consejo Educativo Municipal mediante una sesi\u00f3n participativa\"><\/a>\r\n\t\t\t\t\t\t<div class=\"w-post-elm post_image usg_post_image_1 has_ratio\"><img loading=\"lazy\" decoding=\"async\" width=\"1024\" height=\"793\" src=\"https:\/\/udalhez.eus\/wp-content\/uploads\/2026\/03\/Sin-titulo1-e1773067456969-1024x793.jpg\" class=\"attachment-large size-large wp-post-image\" alt=\"\" \/><div style=\"padding-bottom:75%\"><\/div><\/div><div class=\"w-vwrapper usg_vwrapper_1 align_none valign_top\"><div class=\"w-hwrapper usg_hwrapper_1 has_text_color align_none valign_top wrap\"><time class=\"w-post-elm post_date usg_post_date_1 has_text_color entry-date published\" datetime=\"2026-03-09T15:49:15+01:00\" title=\"9 marzo 2026 a las 15:49:15 +01:00\">hace 1 mes<\/time><\/div><h2 class=\"w-post-elm post_title usg_post_title_1 has_text_color entry-title color_link_inherit\">Leioa avanza en la creaci\u00f3n del Consejo Educativo Municipal mediante una sesi\u00f3n participativa<\/h2><div class=\"w-post-elm post_content usg_post_content_1\">El 4 de marzo, en el sal\u00f3n de plenos del Ayuntamiento de Leioa, se llev\u00f3 a cabo una sesi\u00f3n participativa&hellip;<\/div><\/div>\t\t<\/div>\r\n\t\t\t<\/article>\r\n\t<article class=\"w-grid-item size_1x1 post-802 post type-post status-publish format-standard has-post-thumbnail hentry category-noticias-2\" data-id=\"802\">\r\n\t\t<div class=\"w-grid-item-h\">\r\n\t\t\t\t\t\t\t<a href=\"https:\/\/udalhez.eus\/es\/primer-paso-del-proyecto-udalhez-en-laudio\/\" class=\"w-grid-item-anchor\" aria-label=\"Primer paso del proyecto UdalHez en Laudio\"><\/a>\r\n\t\t\t\t\t\t<div class=\"w-post-elm post_image usg_post_image_1 has_ratio\"><img loading=\"lazy\" decoding=\"async\" width=\"1024\" height=\"800\" src=\"https:\/\/udalhez.eus\/wp-content\/uploads\/2026\/02\/WhatsApp-Image-2026-02-05-at-08.56.39-1024x800.jpeg\" class=\"attachment-large size-large wp-post-image\" alt=\"\" \/><div style=\"padding-bottom:75%\"><\/div><\/div><div class=\"w-vwrapper usg_vwrapper_1 align_none valign_top\"><div class=\"w-hwrapper usg_hwrapper_1 has_text_color align_none valign_top wrap\"><time class=\"w-post-elm post_date usg_post_date_1 has_text_color entry-date published\" datetime=\"2026-02-11T10:18:23+01:00\" title=\"11 febrero 2026 a las 10:18:23 +01:00\">hace 2 meses<\/time><\/div><h2 class=\"w-post-elm post_title usg_post_title_1 has_text_color entry-title color_link_inherit\">Primer paso del proyecto UdalHez en Laudio<\/h2><div class=\"w-post-elm post_content usg_post_content_1\">El 4 de febrero tuvo lugar en la Casa de la Cultura de Laudio la primera sesi\u00f3n de trabajo del&hellip;<\/div><\/div>\t\t<\/div>\r\n\t\t\t<\/article>\r\n<\/div><nav class=\"pagination navigation\" role=\"navigation\"><div class=\"nav-links\"><span aria-current=\"page\" class=\"page-numbers current\"><span>1<\/span><\/span>\n<a class=\"page-numbers\" href=\"https:\/\/udalhez.eus\/es\/wp-json\/wp\/v2\/pages\/257\/page\/2\/\"><span>2<\/span><\/a>\n<a class=\"page-numbers\" href=\"https:\/\/udalhez.eus\/es\/wp-json\/wp\/v2\/pages\/257\/page\/3\/\"><span>3<\/span><\/a>\n<a class=\"next page-numbers\" href=\"https:\/\/udalhez.eus\/es\/wp-json\/wp\/v2\/pages\/257\/page\/2\/\"><span>Siguiente<\/span><\/a><\/div><\/nav><div class=\"g-loadmore\"><div class=\"g-preloader type_1\"><div><\/div><\/div><\/div><div class=\"w-grid-list-json hidden\" onclick='return {&quot;max_num_pages&quot;:3,&quot;paginationBase&quot;:&quot;page&quot;,&quot;pagination&quot;:&quot;numbered&quot;,&quot;paged&quot;:1,&quot;ajaxData&quot;:{&quot;action&quot;:&quot;us_ajax_post_list&quot;,&quot;meta_type&quot;:&quot;post&quot;,&quot;object_id&quot;:0,&quot;template_vars&quot;:{&quot;paged&quot;:1,&quot;max_num_pages&quot;:3,&quot;no_results&quot;:false,&quot;us_post_content_design_css&quot;:[],&quot;found_posts&quot;:8,&quot;source&quot;:&quot;all&quot;,&quot;custom_field_name&quot;:&quot;&quot;,&quot;ids&quot;:&quot;&quot;,&quot;post_type&quot;:&quot;post&quot;,&quot;attachment_ids&quot;:null,&quot;include_post_thumbnail&quot;:0,&quot;post_author&quot;:&quot;any&quot;,&quot;post_author_ids&quot;:&quot;&quot;,&quot;apply_url_params&quot;:0,&quot;exclude_children&quot;:0,&quot;exclude_current_post&quot;:1,&quot;exclude_prev_posts&quot;:0,&quot;enable_items_offset&quot;:0,&quot;items_offset&quot;:&quot;1&quot;,&quot;tax_query_relation&quot;:&quot;none&quot;,&quot;tax_query&quot;:[{&quot;operator&quot;:&quot;IN&quot;,&quot;taxonomy&quot;:&quot;category&quot;,&quot;terms&quot;:&quot;&quot;,&quot;include_children&quot;:0}],&quot;meta_query_relation&quot;:&quot;none&quot;,&quot;meta_query&quot;:[{&quot;key&quot;:&quot;custom_field_name&quot;,&quot;compare&quot;:&quot;=&quot;,&quot;value&quot;:&quot;&quot;}],&quot;orderby&quot;:&quot;date&quot;,&quot;orderby_custom_field&quot;:&quot;&quot;,&quot;orderby_custom_type&quot;:0,&quot;order_invert&quot;:&quot;1&quot;,&quot;show_all&quot;:0,&quot;quantity&quot;:&quot;3&quot;,&quot;posts_per_archive_page&quot;:0,&quot;no_items_action&quot;:&quot;message&quot;,&quot;no_items_message&quot;:&quot;No se han encontrado resultados.&quot;,&quot;no_items_page_block&quot;:&quot;&quot;,&quot;pagination&quot;:&quot;numbered&quot;,&quot;pagination_style&quot;:&quot;&quot;,&quot;pagination_btn_text&quot;:&quot;Cargar m\\u00e1s&quot;,&quot;pagination_btn_size&quot;:&quot;&quot;,&quot;pagination_btn_style&quot;:&quot;1&quot;,&quot;pagination_btn_fullwidth&quot;:0,&quot;items_layout&quot;:&quot;102&quot;,&quot;type&quot;:&quot;grid&quot;,&quot;items_valign&quot;:0,&quot;ignore_items_size&quot;:0,&quot;columns&quot;:&quot;3&quot;,&quot;items_gap&quot;:&quot;1.5rem&quot;,&quot;load_animation&quot;:&quot;none&quot;,&quot;items_preload_style&quot;:&quot;spinner&quot;,&quot;img_size&quot;:&quot;default&quot;,&quot;title_size&quot;:&quot;&quot;,&quot;items_ratio&quot;:&quot;default&quot;,&quot;items_ratio_width&quot;:&quot;21&quot;,&quot;items_ratio_height&quot;:&quot;9&quot;,&quot;overriding_link&quot;:&quot;%7B%22type%22%3A%22post%22%7D&quot;,&quot;popup_page_template&quot;:&quot;0&quot;,&quot;popup_width&quot;:&quot;&quot;,&quot;popup_arrows&quot;:1,&quot;breakpoint_1_width&quot;:&quot;1381px&quot;,&quot;breakpoint_1_cols&quot;:&quot;default&quot;,&quot;breakpoint_1_quantity&quot;:&quot;&quot;,&quot;breakpoint_1_gap&quot;:&quot;&quot;,&quot;breakpoint_2_width&quot;:&quot;1025px&quot;,&quot;breakpoint_2_cols&quot;:&quot;2&quot;,&quot;breakpoint_2_quantity&quot;:&quot;&quot;,&quot;breakpoint_2_gap&quot;:&quot;&quot;,&quot;breakpoint_3_width&quot;:&quot;601px&quot;,&quot;breakpoint_3_cols&quot;:&quot;1&quot;,&quot;breakpoint_3_quantity&quot;:&quot;&quot;,&quot;breakpoint_3_gap&quot;:&quot;&quot;,&quot;conditions_operator&quot;:&quot;always&quot;,&quot;conditions&quot;:[],&quot;css&quot;:null,&quot;el_class&quot;:&quot;&quot;,&quot;el_id&quot;:&quot;&quot;,&quot;enable_custom_html_atts&quot;:0,&quot;custom_html_atts&quot;:null,&quot;hide_on_states&quot;:&quot;&quot;,&quot;hide_for_sticky&quot;:0,&quot;hide_for_not_sticky&quot;:0,&quot;hide_below&quot;:&quot;0px&quot;,&quot;hide_above&quot;:&quot;0px&quot;,&quot;classes&quot;:&quot;&quot;}},&quot;facetedFilter&quot;:[]}'><\/div><\/div><\/div><\/div><\/div><\/div><\/section>\n","protected":false},"excerpt":{"rendered":"El 4 de febrero tuvo lugar en la Casa de la Cultura de Laudio la primera sesi\u00f3n de trabajo del proyecto UdalHez. Con este encuentro, Laudio ha dado el primer paso hacia un modelo de municipio que aborda de manera compartida la responsabilidad de la educaci\u00f3n de los ni\u00f1os y adolescentes del municipio. En la...","protected":false},"author":1,"featured_media":0,"parent":0,"menu_order":0,"comment_status":"closed","ping_status":"closed","template":"","meta":{"_acf_changed":false,"om_disable_all_campaigns":false,"_monsterinsights_skip_tracking":false,"_monsterinsights_sitenote_active":false,"_monsterinsights_sitenote_note":"","_monsterinsights_sitenote_category":0,"footnotes":""},"class_list":["post-257","page","type-page","status-publish","hentry"],"acf":[],"aioseo_notices":[],"_links":{"self":[{"href":"https:\/\/udalhez.eus\/es\/wp-json\/wp\/v2\/pages\/257","targetHints":{"allow":["GET"]}}],"collection":[{"href":"https:\/\/udalhez.eus\/es\/wp-json\/wp\/v2\/pages"}],"about":[{"href":"https:\/\/udalhez.eus\/es\/wp-json\/wp\/v2\/types\/page"}],"author":[{"embeddable":true,"href":"https:\/\/udalhez.eus\/es\/wp-json\/wp\/v2\/users\/1"}],"replies":[{"embeddable":true,"href":"https:\/\/udalhez.eus\/es\/wp-json\/wp\/v2\/comments?post=257"}],"version-history":[{"count":5,"href":"https:\/\/udalhez.eus\/es\/wp-json\/wp\/v2\/pages\/257\/revisions"}],"predecessor-version":[{"id":652,"href":"https:\/\/udalhez.eus\/es\/wp-json\/wp\/v2\/pages\/257\/revisions\/652"}],"wp:attachment":[{"href":"https:\/\/udalhez.eus\/es\/wp-json\/wp\/v2\/media?parent=257"}],"curies":[{"name":"wp","href":"https:\/\/api.w.org\/{rel}","templated":true}]}}